{"id":3,"date":"2023-06-23T09:10:04","date_gmt":"2023-06-23T09:10:04","guid":{"rendered":"https:\/\/jthemes.net\/themes\/wp\/martex\/?page_id=3"},"modified":"2024-10-21T11:54:48","modified_gmt":"2024-10-21T09:54:48","slug":"privacy-policy","status":"publish","type":"page","link":"https:\/\/www.axerto.it\/en\/privacy-policy\/","title":{"rendered":"_Privacy Policy"},"content":{"rendered":"<div data-elementor-type=\"wp-page\" data-elementor-id=\"3\" class=\"elementor elementor-3\">\n\t\t\t\t<div class=\"elementor-element elementor-element-79180492 e-flex e-con-boxed e-con e-parent\" data-id=\"79180492\" data-element_type=\"container\">\n\t\t\t\t\t<div class=\"e-con-inner\">\n\t\t\t\t<div class=\"elementor-element elementor-element-5979ed9 elementor-widget elementor-widget-text-editor\" data-id=\"5979ed9\" data-element_type=\"widget\" data-widget_type=\"text-editor.default\">\n\t\t\t\t<div class=\"elementor-widget-container\">\n\t\t\t\t\t\t\t<h3 class=\"vc_custom_heading\">Informativa Sintetica<\/h3>\n<div class=\"vc_empty_space\">\u00a0<\/div>\n<div class=\"wpb_text_column wpb_content_element\">\n<div class=\"wpb_wrapper\">\n<p>Axerto by T-Line S.r.l. (https:\/\/www.axerto.it)<\/p>\n<ul>\n<li>non pubblica banner pubblicitari, non utilizza dati degli utenti a fini pubblicitari o comunque per profilare gli utenti;<\/li>\n<li>minimizza il pi\u00f9 possibile la raccolta e l\u2019uso dei dati personali degli utenti;<\/li>\n<li>utilizza per specifiche funzionalit\u00e0 del sito servizi di terze parti, che potrebbero raccogliere dati degli utenti in forma anonima;<\/li>\n<li>il consenso all\u2019utilizzo dei dati si conferisce tramite i moduli di contatto o registrazione account, ed \u00e8 revocabile in qualsiasi momento.<\/li>\n<\/ul>\n<p>Di seguito vi forniamo informazioni pi\u00f9 dettagliate sul trattamento dei vostri dati personali.<\/p>\n<\/div>\n<\/div>\t\t\t\t\t\t<\/div>\n\t\t\t\t<\/div>\n\t\t\t\t<div class=\"elementor-element elementor-element-2784624 elementor-widget elementor-widget-text-editor\" data-id=\"2784624\" data-element_type=\"widget\" data-widget_type=\"text-editor.default\">\n\t\t\t\t<div class=\"elementor-widget-container\">\n\t\t\t\t\t\t\t<h3 class=\"vc_custom_heading\">Informativa Dettagliata<\/h3>\n<div class=\"vc_empty_space\">\u00a0<\/div>\n<div class=\"wpb_text_column wpb_content_element\">\n<div class=\"wpb_wrapper\">\n<p>In ottemperanza degli obblighi derivanti dalla normativa europea (Regolamento Generale per la protezione dei dati personali n. 2016\/679, DL 10 agosto 2018, n. 101) in materia di tutela dei dati personali, AXERTO rispetta e tutela la riservatezza dei visitatori e degli utenti, ponendo in essere ogni sforzo possibile e proporzionato per non ledere i rispettivi diritti.<\/p>\n<\/div>\n<\/div>\t\t\t\t\t\t<\/div>\n\t\t\t\t<\/div>\n\t\t\t\t<div class=\"elementor-element elementor-element-bb6337f elementor-widget elementor-widget-text-editor\" data-id=\"bb6337f\" data-element_type=\"widget\" data-widget_type=\"text-editor.default\">\n\t\t\t\t<div class=\"elementor-widget-container\">\n\t\t\t\t\t\t\t<h3 class=\"vc_custom_heading\">Su Quali Basi Trattiamo I Dati<\/h3>\n<div class=\"vc_empty_space\">\u00a0<\/div>\n<div class=\"wpb_text_column wpb_content_element\">\n<div class=\"wpb_wrapper\">\n<p>T-Line S.r.l. tratta i dati prevalentemente in base al consenso degli utenti, avviene tramite il banner posto sulla pagina, oppure tramite l\u2019uso della Applicazione, quale comportamento concludente e costituente consenso implicito, col quale i visitatori\/utenti acconsentono al trattamento dei loro dati personali in relazione alle modalit\u00e0 e alle finalit\u00e0 di seguito descritte, compreso l\u2019eventuale diffusione a terzi se necessaria per l\u2019erogazione di un servizio.<\/p>\n<p>Tramite i moduli di comunicazione o di richiesta di servizi vengono raccolti ulteriori consensi relativi alla finalit\u00e0 specifica del servizio.<\/p>\n<p>Il conferimento dei dati e quindi il consenso alla raccolta e al trattamento dei dati \u00e8 facoltativo, l\u2019Utente pu\u00f2 negare il consenso, e pu\u00f2 revocare in qualsiasi momento un consenso gi\u00e0 fornito, tramite le impostazioni del browser per i cookie, nella pagina \u2018Gestione dei cookie\u2019 o inviando una richiesta al Titolare tramite i dati presenti nella footer \u201cRestiamo in contatto\u201d. Tuttavia negare il consenso pu\u00f2 comportare l\u2019impossibilit\u00e0 di utilizzare alcuni servizi.<\/p>\n<\/div>\n<\/div>\t\t\t\t\t\t<\/div>\n\t\t\t\t<\/div>\n\t\t\t\t<div class=\"elementor-element elementor-element-0e63218 elementor-widget elementor-widget-text-editor\" data-id=\"0e63218\" data-element_type=\"widget\" data-widget_type=\"text-editor.default\">\n\t\t\t\t<div class=\"elementor-widget-container\">\n\t\t\t\t\t\t\t<h3 class=\"vc_custom_heading\">Come Utilizziamo I Dati Raccolti<\/h3>\n<div class=\"vc_empty_space\">\u00a0<\/div>\n<div class=\"wpb_text_column wpb_content_element\">\n<div class=\"wpb_wrapper\">\n<p>I dati raccolti sono utilizzati anche per le seguenti finalit\u00e0:<\/p>\n<ul>\n<li>Statistica (analisi). Raccogliamo dati in forma esclusivamente aggregata e anonima al fine di verificare il corretto funzionamento del sito, e l\u2019utilizzo da parte degli utenti per renderlo pi\u00f9 facile e veloce da consultare. Nessuna di queste informazioni \u00e8 correlata all\u2019Utente del sito, e non ne consente in alcun modo l\u2019identificazione.<\/li>\n<li>Sicurezza. Raccogliamo dati al fine di tutelare la sicurezza della Applicazione (filtri antispam, firewall, rilevazione virus) e degli Utenti. I dati sono registrati automaticamente e possono eventualmente comprendere anche dati personali che potrebbero essere utilizzati, conformemente alle leggi vigenti in materia, al fine di bloccare tentativi di danneggiamento al sito medesimo o di recare danno ad altri Utenti. Tali dati non sono mai utilizzati per l\u2019identificazione o la profilazione.<\/li>\n<li>Attivit\u00e0 accessorie. Comunichiamo dati a terze parti (consulenti, legali) che svolgono funzioni necessarie o strumentali all\u2019operativit\u00e0 del servizio, e per consentire a terze parti di svolgere attivit\u00e0 tecniche, logistiche e di altro tipo per nostro conto (es. invio posta, analisi dati ecc\u2026). Tali parti terze hanno accesso solo ai dati personali che sono necessari per svolgere i propri compiti, si impegnano a non utilizzare i dati per altri scopi, e sono tenuti a trattare i dati personali in conformit\u00e0 delle normative vigenti.<\/li>\n<\/ul>\n<\/div>\n<\/div>\t\t\t\t\t\t<\/div>\n\t\t\t\t<\/div>\n\t\t\t\t<div class=\"elementor-element elementor-element-1fb0d59 elementor-widget elementor-widget-text-editor\" data-id=\"1fb0d59\" data-element_type=\"widget\" data-widget_type=\"text-editor.default\">\n\t\t\t\t<div class=\"elementor-widget-container\">\n\t\t\t\t\t\t\t<h3 class=\"vc_custom_heading\">Quali Dati Raccogliamo<\/h3>\n<div class=\"vc_empty_space\">\u00a0<\/div>\n<div class=\"wpb_text_column wpb_content_element\">\n<div class=\"wpb_wrapper\">\n<p>T-Line S.r.l. raccoglie dati in due modi.<\/p>\n<ul>\n<li>Dati raccolti automaticamente. Alcuni dati sono raccolti dal sito di axerto.it e da Google Analytics. Ad esempio, dati tecnici come il tipo di browser, l\u2019internet service provider, data e orario della visita, tempo di permanenza sul sito, pagina di provenienza e di uscita. Altri dati vengono raccolti utilizzando i cookie o tecnologie similari. Per ulteriori informazioni fai riferimento alla pagina \u2018Gestione dei Cookie\u2019. Questi dati sono utilizzati a fini di statistica e non consentono l\u2019identificazione fisica dell\u2019Utente.<\/li>\n<li>Dati forniti volontariamente dall\u2019Utente. Il sito pu\u00f2 raccogliere altri dati in caso di utilizzo volontario di servizi da parte degli utenti, come comunicazioni (moduli per contatto): ad esempio nome e cognome, indirizzo email, indirizzo di residenza fisica, ecc. Questi dati sono forniti volontariamente dall\u2019Utente al momento della richiesta e verranno utilizzati esclusivamente per l\u2019erogazione del servizio richiesto e trattati per il solo tempo necessario alla fornitura del servizio. Gli Utenti esentano T-Line S.r.l. da qualsiasi responsabilit\u00e0 in merito ad eventuali violazioni delle leggi. Spetta all\u2019Utente verificare di avere i permessi per l\u2019immissione di dati personali di terzi o di contenuti tutelati dalle norme nazionali ed internazionali.<\/li>\n<\/ul>\n<\/div>\n<\/div>\t\t\t\t\t\t<\/div>\n\t\t\t\t<\/div>\n\t\t\t\t<div class=\"elementor-element elementor-element-241071e elementor-widget elementor-widget-text-editor\" data-id=\"241071e\" data-element_type=\"widget\" data-widget_type=\"text-editor.default\">\n\t\t\t\t<div class=\"elementor-widget-container\">\n\t\t\t\t\t\t\t<h3 class=\"vc_custom_heading\">Dove Sono Trattati I Dati<\/h3>\n<div class=\"vc_empty_space\">\u00a0<\/div>\n<div class=\"wpb_text_column wpb_content_element\">\n<div class=\"wpb_wrapper\">\n<p>I dati raccolti dal sito sono trattati presso la sede del Titolare del Trattamento.<\/p>\n<\/div>\n<\/div>\t\t\t\t\t\t<\/div>\n\t\t\t\t<\/div>\n\t\t\t\t<div class=\"elementor-element elementor-element-c15931f elementor-widget elementor-widget-text-editor\" data-id=\"c15931f\" data-element_type=\"widget\" data-widget_type=\"text-editor.default\">\n\t\t\t\t<div class=\"elementor-widget-container\">\n\t\t\t\t\t\t\t<h3 class=\"vc_custom_heading\">Per Quanto Tempo Sono Conservati I Dati<\/h3>\n<div class=\"vc_empty_space\">\u00a0<\/div>\n<div class=\"wpb_text_column wpb_content_element\">\n<div class=\"wpb_wrapper\">\n<p>I dati sono trattati per i tempi necessari agli scopi per i quali sono stati raccolti, e comunque non oltre i tempi prescritti dalle norme di legge. Alla scadenza i dati saranno cancellati o anonimizzati, a meno che non sussistano ulteriori finalit\u00e0 per la conservazione degli stessi.<\/p>\n<p>I dati raccolti sono trattati per i seguenti periodi:<\/p>\n<ul>\n<li>finalit\u00e0 di statistica ed analisi: i dati sono trattati in forma aggregata e quindi anonima;<\/li>\n<li>finalit\u00e0 di registrazione al sito: i dati degli utenti registrati vengono conservati per tutta la durata del servizio.<\/li>\n<\/ul>\n<\/div>\n<\/div>\t\t\t\t\t\t<\/div>\n\t\t\t\t<\/div>\n\t\t\t\t<div class=\"elementor-element elementor-element-50e0d56 elementor-widget elementor-widget-text-editor\" data-id=\"50e0d56\" data-element_type=\"widget\" data-widget_type=\"text-editor.default\">\n\t\t\t\t<div class=\"elementor-widget-container\">\n\t\t\t\t\t\t\t<h3 class=\"vc_custom_heading\">A Chi Possono Essere Trasferiti I Dati<\/h3>\n<div class=\"vc_empty_space\">\u00a0<\/div>\n<div class=\"wpb_text_column wpb_content_element\">\n<div class=\"wpb_wrapper\">\n<p>Nello svolgimento delle nostre attivit\u00e0 possiamo dover trasferire alcuni dati a terze parti che svolgono compiti specifici strumentali a quelli del sito, per l\u2019esecuzione di controlli di sicurezza o di ottimizzazione del sito, o per la fornitura di uno specifico servizio richiesto dagli Utenti (es. comunicazioni, spedizioni), o per una legittima richiesta da parte dell\u2019autorit\u00e0 giudiziaria nei soli casi previsti dalla legge.<\/p>\n<p>Le terze parti hanno accesso solo ai dati personali che sono necessari per svolgere i propri compiti, non possono utilizzare i dati per altri scopi e sono tenute a trattare i dati personali in conformit\u00e0 a questa Informativa sulla privacy, alle istruzioni fornite dal Titolare, e ai sensi delle normative applicabili in materia di protezione dei dati personali.<\/p>\n<p>Inoltre potrebbero venire a conoscenza dei dati degli Utenti altri soggetti terzi che agiscono quali titolari autonomi del trattamento, utilizzando i dati anche per finalit\u00e0 diverse ed ulteriori. Altri fornitori di servizi terzi che sono titolari autonomi del trattamento sono: Google Analytics.<\/p>\n<p>I titolari autonomi del trattamento sono vincolati alle norme europee e nazionali in materia di tutela dei dati personali, e ne rispondono personalmente in piena autonomia.<\/p>\n<\/div>\n<\/div>\t\t\t\t\t\t<\/div>\n\t\t\t\t<\/div>\n\t\t\t\t<div class=\"elementor-element elementor-element-fee10cd elementor-widget elementor-widget-text-editor\" data-id=\"fee10cd\" data-element_type=\"widget\" data-widget_type=\"text-editor.default\">\n\t\t\t\t<div class=\"elementor-widget-container\">\n\t\t\t\t\t\t\t<h3 class=\"vc_custom_heading\">Trasferimento Dei Dati In Paesi Extra UE<\/h3>\n<div class=\"vc_empty_space\">\u00a0<\/div>\n<div class=\"wpb_text_column wpb_content_element\">\n<div class=\"wpb_wrapper\">\n<p>Possiamo dover condividere alcuni dei dati raccolti con servizi localizzati al di fuori dell\u2019area SEE (Spazio Economico Europeo). In particolare a Google Analytics.<\/p>\n<p>Di seguito, rinvio alle privacy policy dei terzi fornitori di servizi utilizzati:<\/p>\n<ul>\n<li>Google Analytics (Google)\u00a0<a href=\"https:\/\/policies.google.com\/privacy?hl=it\" target=\"_blank\" rel=\"noopener noreferrer\">https:\/\/policies.google.com\/privacy?hl=it<\/a><\/li>\n<\/ul>\n<p>Il trasferimento \u00e8 autorizzato in base a specifiche decisioni dell\u2019Unione Europea e del Garante per la tutela dei dati personali, in particolare la decisione 1250\/2016.<\/p>\n<ul>\n<li>Privacy Shield:\u00a0<a href=\"https:\/\/ec.europa.eu\/info\/law\/law-topic\/data-protection\/data-transfers-outside-eu\/eu-us-privacy-shield_en\" target=\"_blank\" rel=\"noopener noreferrer\">https:\/\/ec.europa.eu\/info\/law\/law-topic\/data-protection\/data-transfers-outside-eu\/eu-us-privacy-shield_en<\/a><\/li>\n<li>Pagina informativa del Garante italiano:\u00a0<a href=\"https:\/\/www.garanteprivacy.it\/web\/guest\/home\/docweb\/-\/docweb-display\/docweb\/5306161\" target=\"_blank\" rel=\"noopener noreferrer\">https:\/\/www.garanteprivacy.it\/web\/guest\/home\/docweb\/-\/docweb-display\/docweb\/5306161<\/a><\/li>\n<li>Qui il sito curato dal Dipartimento del Commercio USA:\u00a0<a href=\"https:\/\/www.privacyshield.gov\/welcome\" target=\"_blank\" rel=\"noopener noreferrer\">https:\/\/www.privacyshield.gov\/welcome<\/a><\/li>\n<\/ul>\n<p>Per cui non occorre un ulteriore consenso rispetto alla base giuridica utilizzata per la raccolta e il trattamento nel SEE. Le aziende sopra menzionate garantiscono la propria adesione al Privacy Shield.<\/p>\n<\/div>\n<\/div>\t\t\t\t\t\t<\/div>\n\t\t\t\t<\/div>\n\t\t\t\t<div class=\"elementor-element elementor-element-ee6203e elementor-widget elementor-widget-text-editor\" data-id=\"ee6203e\" data-element_type=\"widget\" data-widget_type=\"text-editor.default\">\n\t\t\t\t<div class=\"elementor-widget-container\">\n\t\t\t\t\t\t\t<h3 class=\"vc_custom_heading\">Quali Diritti Hai In Merito Ai Dati Da Noi Trattati<\/h3>\n<div class=\"vc_empty_space\">\u00a0<\/div>\n<div class=\"wpb_text_column wpb_content_element\">\n<div class=\"wpb_wrapper\">\n<p>Quale interessato al trattamento Ai sensi del Regolamento europeo 679\/2016 (GDPR) e dell\u2019art. 7 del D. Lgs. 30 giugno 2003, n. 196\u00a0(<a href=\"https:\/\/www.garanteprivacy.it\/web\/guest\/home\/docweb\/-\/docweb-display\/docweb\/1311248\" target=\"_blank\" rel=\"noopener noreferrer\">https:\/\/www.garanteprivacy.it\/web\/guest\/home\/docweb\/-\/docweb-display\/docweb\/1311248<\/a>),\u00a0puoi esercitare i seguenti diritti:<\/p>\n<ul>\n<li>opporti in tutto o in parte, per motivi legittimi al trattamento dei dati personali che ti riguardano ai fini di invio di materiale pubblicitario o di vendita diretta o per il compimento di ricerche di mercato o di comunicazione commerciale;<\/li>\n<li>richiedere la conferma dell\u2019esistenza di dati personali che ti riguardano (diritto di accesso);<\/li>\n<li>conoscerne l\u2019origine;<\/li>\n<li>riceverne comunicazione intelligibile;<\/li>\n<li>avere informazioni circa la logica, le modalit\u00e0 e le finalit\u00e0 del trattamento;<\/li>\n<li>richiederne l\u2019aggiornamento, la rettifica, l\u2019integrazione, la cancellazione, la trasformazione in forma anonima, il blocco dei dati trattati in violazione di legge, ivi compresi quelli non pi\u00f9 necessari al perseguimento degli scopi per i quali sono stati raccolti;<\/li>\n<li>nei casi di trattamento basato su consenso, ricevere al solo costo dell\u2019eventuale supporto, i tuoi dati forniti al titolare, in forma strutturata e leggibile da un elaboratore di dati e in un formato comunemente usato da un dispositivo elettronico;<\/li>\n<li>presentare un reclamo all\u2019Autorit\u00e0 di controllo (Garante Privacy \u2013 link alla pagina del Garante\u00a0<a href=\"https:\/\/www.garanteprivacy.it\/web\/guest\/home\/docweb\/-\/docweb-display\/docweb\/4535524\" target=\"_blank\" rel=\"noopener noreferrer\">https:\/\/www.garanteprivacy.it\/web\/guest\/home\/docweb\/-\/docweb-display\/docweb\/4535524<\/a>);<\/li>\n<li>nonch\u00e9, pi\u00f9 in generale, esercitare tutti i diritti che ti sono riconosciuti dalle vigenti disposizioni di legge.<\/li>\n<\/ul>\n<p>Le richieste vanno rivolte al Titolare del trattamento.<\/p>\n<\/div>\n<\/div>\t\t\t\t\t\t<\/div>\n\t\t\t\t<\/div>\n\t\t\t\t<div class=\"elementor-element elementor-element-f5b9e33 elementor-widget elementor-widget-text-editor\" data-id=\"f5b9e33\" data-element_type=\"widget\" data-widget_type=\"text-editor.default\">\n\t\t\t\t<div class=\"elementor-widget-container\">\n\t\t\t\t\t\t\t<h3 class=\"vc_custom_heading\">Soggetti Del Trattamento<\/h3>\n<div class=\"vc_empty_space\">\u00a0<\/div>\n<div class=\"wpb_text_column wpb_content_element\">\n<div class=\"wpb_wrapper\">\n<p>Titolare del trattamento ai sensi delle leggi vigenti \u00e8 T-Line S.r.l.<br \/>Via Alberto Mario, 26 &#8211; 20149 Milano, contattabile tramite la sezione \u2018Contatti\u2019, o alla mail axerto@axerto.it.<\/p>\n<\/div>\n<\/div>\t\t\t\t\t\t<\/div>\n\t\t\t\t<\/div>\n\t\t\t\t\t<\/div>\n\t\t\t\t<\/div>\n\t\t\t\t<\/div>","protected":false},"excerpt":{"rendered":"<p>Informativa Sintetica \u00a0 Axerto by T-Line S.r.l. (https:\/\/www.axerto.it) non pubblica banner pubblicitari, non utilizza dati degli utenti a fini pubblicitari o comunque per profilare gli utenti; minimizza il pi\u00f9 possibile la raccolta e l\u2019uso dei dati personali degli utenti; utilizza per specifiche funzionalit\u00e0 del sito servizi di terze parti, che potrebbero raccogliere dati degli utenti&hellip;<\/p>","protected":false},"author":1,"featured_media":0,"parent":0,"menu_order":0,"comment_status":"closed","ping_status":"closed","template":"templates\/full-width.php","meta":{"footnotes":""},"class_list":["post-3","page","type-page","status-publish","hentry","entry"],"_links":{"self":[{"href":"https:\/\/www.axerto.it\/en\/wp-json\/wp\/v2\/pages\/3"}],"collection":[{"href":"https:\/\/www.axerto.it\/en\/wp-json\/wp\/v2\/pages"}],"about":[{"href":"https:\/\/www.axerto.it\/en\/wp-json\/wp\/v2\/types\/page"}],"author":[{"embeddable":true,"href":"https:\/\/www.axerto.it\/en\/wp-json\/wp\/v2\/users\/1"}],"replies":[{"embeddable":true,"href":"https:\/\/www.axerto.it\/en\/wp-json\/wp\/v2\/comments?post=3"}],"version-history":[{"count":25,"href":"https:\/\/www.axerto.it\/en\/wp-json\/wp\/v2\/pages\/3\/revisions"}],"predecessor-version":[{"id":16550,"href":"https:\/\/www.axerto.it\/en\/wp-json\/wp\/v2\/pages\/3\/revisions\/16550"}],"wp:attachment":[{"href":"https:\/\/www.axerto.it\/en\/wp-json\/wp\/v2\/media?parent=3"}],"curies":[{"name":"wp","href":"https:\/\/api.w.org\/{rel}","templated":true}]}}