{"id":16044,"date":"2024-10-07T11:37:41","date_gmt":"2024-10-07T09:37:41","guid":{"rendered":"https:\/\/www.axerto.it\/?page_id=16044"},"modified":"2024-10-21T16:15:41","modified_gmt":"2024-10-21T14:15:41","slug":"dpp","status":"publish","type":"page","link":"https:\/\/www.axerto.it\/en\/dpp\/","title":{"rendered":"_DPP"},"content":{"rendered":"<div data-elementor-type=\"wp-page\" data-elementor-id=\"16044\" class=\"elementor elementor-16044\">\n\t\t\t\t\t\t<section class=\"elementor-section elementor-top-section elementor-element elementor-element-8bbf9c1 elementor-section-full_width elementor-section-height-min-height hero-section hero-6 elementor-section-height-default elementor-section-items-middle\" data-id=\"8bbf9c1\" data-element_type=\"section\" data-settings=\"{&quot;background_background&quot;:&quot;classic&quot;}\">\n\t\t\t\t\t\t\t<div class=\"elementor-background-overlay\"><\/div>\n\t\t\t\t\t\t\t<div class=\"elementor-container elementor-column-gap-no\">\n\t\t\t\t\t<div class=\"elementor-column elementor-col-100 elementor-top-column elementor-element elementor-element-1303d57\" data-id=\"1303d57\" data-element_type=\"column\">\n\t\t\t<div class=\"elementor-widget-wrap elementor-element-populated\">\n\t\t\t\t\t\t<div class=\"txt-block elementor-element elementor-element-89e3185 elementor-widget__width-initial elementor-widget elementor-widget-content-text\" data-id=\"89e3185\" data-element_type=\"widget\" data-widget_type=\"content-text.default\">\n\t\t\t\t<div class=\"elementor-widget-container\">\n\t\t\t<h2 class=\"title-element s-46\">What is the  Digital Product Passport <br>(DPP)<\/h2><p class=\"subtitle-element s-21\">and why it matters to your business<\/p>\t\t<\/div>\n\t\t\t\t<\/div>\n\t\t\t\t\t<\/div>\n\t\t<\/div>\n\t\t\t\t\t<\/div>\n\t\t<\/section>\n\t\t\t\t<section class=\"elementor-section elementor-top-section elementor-element elementor-element-a4bc6b5 elementor-section-content-middle -section elementor-section-boxed elementor-section-height-default elementor-section-height-default\" data-id=\"a4bc6b5\" data-element_type=\"section\" data-settings=\"{&quot;background_background&quot;:&quot;classic&quot;}\">\n\t\t\t\t\t\t<div class=\"elementor-container elementor-column-gap-default\">\n\t\t\t\t\t<div class=\"elementor-column elementor-col-100 elementor-top-column elementor-element elementor-element-f7c09f4\" data-id=\"f7c09f4\" data-element_type=\"column\" data-settings=\"{&quot;background_background&quot;:&quot;classic&quot;}\">\n\t\t\t<div class=\"elementor-widget-wrap elementor-element-populated\">\n\t\t\t\t\t\t<div class=\"txt-block elementor-element elementor-element-b74375a elementor-widget elementor-widget-content-text\" data-id=\"b74375a\" data-element_type=\"widget\" data-widget_type=\"content-text.default\">\n\t\t\t\t<div class=\"elementor-widget-container\">\n\t\t\t<p style=\"text-align: justify\" class=\" translation-block\">The <strong>Digital Product Passport (DPP)<\/strong> is an innovative solution that provides a digital \"identity card\" for physical products. This digital passport collects and stores key information about a product, such as its origin, the materials used, the production process and quality certifications <strong>along its entire life cycle<\/strong>. Using technologies such as NFC, RFID or QR codes (the so-called <strong>Data Carriers<\/strong>), companies and consumers can trace every phase of the product's life, from manufacturing to distribution and up to after-sales, offering transparency and trust in consumers themselves. DPP represents the future of intelligent product management. It not only helps fight counterfeiting and ensure authenticity, but also supports sustainability and transparency. For companies, it is a unique opportunity to stand out in the market and offer their customers a richer and more reliable purchasing experience.<\/p><p style=\"text-align: justify\" class=\" translation-block\">Furthermore, by pursuing the objective of the <strong>European Green Deal<\/strong>, i.e. achieving a zero-emission budget, <strong>climate neutrality<\/strong>, by 2050, it contributes to making consumers more informed by leading them to carry out <strong>conscious<\/strong> and environmentally friendly purchases.<\/p><p style=\"text-align: justify\" class=\" translation-block\">For some sectors the dates of entry into force have already been defined; by <strong>2027<\/strong>, in order to be marketed in the European Community, they must have a DPP compliant with the directives:<\/p><ol><li>Batteries for electric cars and micro mobility;<\/li><li>Textiles<\/li><\/ol><p style=\"text-align: justify\" class=\" translation-block\">Other critical sectors will follow where transparency and circularity have a major impact on <strong>sustainability<\/strong> and waste <strong>reduction<\/strong>:<\/p><ul><li>Building materials;<\/li><li>Electronics<\/li><li>Plastic<\/li><li>Toys<\/li><\/ul>\t\t<\/div>\n\t\t\t\t<\/div>\n\t\t\t\t<div class=\"txt-block elementor-element elementor-element-6ceb450 elementor-widget elementor-widget-content-text\" data-id=\"6ceb450\" data-element_type=\"widget\" data-widget_type=\"content-text.default\">\n\t\t\t\t<div class=\"elementor-widget-container\">\n\t\t\t<h2 class=\"title-element s-46\">Benefits for companies and consumers<\/h2><ul style=\"text-align: justify\"><li class=\" translation-block\"><strong>Transparency and Trust: <\/strong>allows companies to transparently share all product-related information with consumers, strengthening trust. In a world where consumers are increasingly attentive to the sustainability and origin of products, offering a digital passport ensures that every detail is easily accessible.<\/li><li class=\" translation-block\"><strong>Authenticity and Protection from Counterfeiting:<\/strong> For luxury goods companies, it is a powerful tool against counterfeiting. Through technologies such as blockchain and <strong>assertive NFC<\/strong>, the digital passport can demonstrate the authenticity of a product, protecting the brand and assuring customers that they are purchasing a genuine product.<\/li><li class=\" translation-block\"><strong>Product Life Cycle Management:<\/strong> allows you to trace the complete life cycle of a product, from manufacturing to recycling. Companies can use this information to improve supply chain management, production efficiency and to ensure that materials can be sustainably recovered and reused.<\/li><li class=\" translation-block\"><strong>Added Value for the Customer:<\/strong>\u00a0enrichs customers' after-sales experience by offering them a digital platform where they can easily find care instructions, product updates, warranty services, and much more. This creates a lasting relationship between company and consumer, promoting loyalty.<\/li><li class=\" translation-block\"><strong>Compliance and Sustainability:<\/strong> International regulations are increasingly pushing towards product transparency and sustainability. Implementing a Digital Product Passport can help companies comply with environmental regulations, improve resource management and ensure compliance with social and environmental responsibility standards also with a view to <strong>ESG<\/strong> certification.<\/li><\/ul>\t\t<\/div>\n\t\t\t\t<\/div>\n\t\t\t\t\t<\/div>\n\t\t<\/div>\n\t\t\t\t\t<\/div>\n\t\t<\/section>\n\t\t\t\t<\/div>","protected":false},"excerpt":{"rendered":"<p>Cos&#8217;\u00e8 il Digital Product Passport (DPP) e perch\u00e8 \u00e8 importante per il vostro business Il Digital Product Passport (DPP) \u00e8 una soluzione innovativa che fornisce una &#8220;carta d&#8217;identit\u00e0&#8221; digitale per prodotti fisici. Questo passaporto digitale raccoglie e memorizza informazioni chiave su un prodotto, come la sua origine, i materiali utilizzati, il processo di produzione e&hellip;<\/p>","protected":false},"author":1,"featured_media":0,"parent":0,"menu_order":0,"comment_status":"closed","ping_status":"closed","template":"templates\/full-width.php","meta":{"footnotes":""},"class_list":["post-16044","page","type-page","status-publish","hentry","entry"],"_links":{"self":[{"href":"https:\/\/www.axerto.it\/en\/wp-json\/wp\/v2\/pages\/16044"}],"collection":[{"href":"https:\/\/www.axerto.it\/en\/wp-json\/wp\/v2\/pages"}],"about":[{"href":"https:\/\/www.axerto.it\/en\/wp-json\/wp\/v2\/types\/page"}],"author":[{"embeddable":true,"href":"https:\/\/www.axerto.it\/en\/wp-json\/wp\/v2\/users\/1"}],"replies":[{"embeddable":true,"href":"https:\/\/www.axerto.it\/en\/wp-json\/wp\/v2\/comments?post=16044"}],"version-history":[{"count":90,"href":"https:\/\/www.axerto.it\/en\/wp-json\/wp\/v2\/pages\/16044\/revisions"}],"predecessor-version":[{"id":16610,"href":"https:\/\/www.axerto.it\/en\/wp-json\/wp\/v2\/pages\/16044\/revisions\/16610"}],"wp:attachment":[{"href":"https:\/\/www.axerto.it\/en\/wp-json\/wp\/v2\/media?parent=16044"}],"curies":[{"name":"wp","href":"https:\/\/api.w.org\/{rel}","templated":true}]}}