{"id":16039,"date":"2024-10-07T11:34:41","date_gmt":"2024-10-07T09:34:41","guid":{"rendered":"https:\/\/www.axerto.it\/?page_id=16039"},"modified":"2024-10-21T16:13:59","modified_gmt":"2024-10-21T14:13:59","slug":"soluzione","status":"publish","type":"page","link":"https:\/\/www.axerto.it\/en\/soluzione\/","title":{"rendered":"_Soluzione"},"content":{"rendered":"<div data-elementor-type=\"wp-page\" data-elementor-id=\"16039\" class=\"elementor elementor-16039\">\n\t\t\t\t\t\t<section class=\"elementor-section elementor-top-section elementor-element elementor-element-8bbf9c1 elementor-section-full_width hero-section hero-2 elementor-section-height-default elementor-section-height-default\" data-id=\"8bbf9c1\" data-element_type=\"section\" data-settings=\"{&quot;background_background&quot;:&quot;classic&quot;}\">\n\t\t\t\t\t\t\t<div class=\"elementor-background-overlay\"><\/div>\n\t\t\t\t\t\t\t<div class=\"elementor-container elementor-column-gap-no\">\n\t\t\t\t\t<div class=\"elementor-column elementor-col-100 elementor-top-column elementor-element elementor-element-1303d57\" data-id=\"1303d57\" data-element_type=\"column\">\n\t\t\t<div class=\"elementor-widget-wrap elementor-element-populated\">\n\t\t\t\t\t\t<div class=\"txt-block elementor-element elementor-element-fcd919d elementor-widget__width-initial elementor-widget elementor-widget-content-text\" data-id=\"fcd919d\" data-element_type=\"widget\" data-widget_type=\"content-text.default\">\n\t\t\t\t<div class=\"elementor-widget-container\">\n\t\t\t<h2 class=\"title-element s-46\">ASSERTIVE DATA CARRIER<\/h2><p class=\"subtitle-element s-21\">How and why an assertive NFC tag<\/p>\t\t<\/div>\n\t\t\t\t<\/div>\n\t\t\t\t\t<\/div>\n\t\t<\/div>\n\t\t\t\t\t<\/div>\n\t\t<\/section>\n\t\t<div class=\"elementor-element elementor-element-3c90429 e-flex e-con-boxed e-con e-parent\" data-id=\"3c90429\" data-element_type=\"container\">\n\t\t\t\t\t<div class=\"e-con-inner\">\n\t\t<div class=\"elementor-element elementor-element-114f440 e-con-full e-flex e-con e-child\" data-id=\"114f440\" data-element_type=\"container\" data-settings=\"{&quot;background_background&quot;:&quot;classic&quot;}\">\n\t\t\t\t<div class=\"txt-block elementor-element elementor-element-63fe026 elementor-widget elementor-widget-content-text\" data-id=\"63fe026\" data-element_type=\"widget\" data-widget_type=\"content-text.default\">\n\t\t\t\t<div class=\"elementor-widget-container\">\n\t\t\t<h2 class=\"title-element s-28 translation-block\">\"An authoritative solution for the certification of originality of <br> products, documents and certificates\"<\/h2><p class=\"subtitle-element s-21\"> <\/p><p style=\"text-align: left\">Axerto is not only this, but it is also:<\/p><ul><li style=\"text-align: left\">Ready to use for all production, trade and service environments regardless of company size<\/li><li style=\"text-align: left\">Economically sustainable<\/li><li style=\"text-align: left\">Intrinsically unique and cannot be cloned<\/li><li style=\"text-align: left\">Technologically advanced<\/li><li style=\"text-align: left\" class=\" translation-block\">Can also be used as a Data Carrier for <a href=\"https:\/\/www.axerto.it\/dpp\/\" target=\"_self\">DPP<\/a> adding a level of product authenticity<\/li><li style=\"text-align: left\">Open to future developments and the creation of custom projects to satisfy all customer needs<\/li><\/ul>\t\t<\/div>\n\t\t\t\t<\/div>\n\t\t\t\t<div class=\"elementor-element elementor-element-2563cc7 elementor-widget elementor-widget-image\" data-id=\"2563cc7\" data-element_type=\"widget\" data-widget_type=\"image.default\">\n\t\t\t\t<div class=\"elementor-widget-container\">\n\t\t\t\t\t\t\t\t\t\t\t\t\t<img fetchpriority=\"high\" decoding=\"async\" width=\"1024\" height=\"1024\" src=\"https:\/\/www.axerto.it\/wp-content\/uploads\/2024\/10\/Original_vs_Fake_Product_Comparison.webp\" class=\"attachment-full size-full wp-image-16579 img-fluid\" alt=\"\" srcset=\"https:\/\/www.axerto.it\/wp-content\/uploads\/2024\/10\/Original_vs_Fake_Product_Comparison.webp 1024w, https:\/\/www.axerto.it\/wp-content\/uploads\/2024\/10\/Original_vs_Fake_Product_Comparison-300x300.webp 300w, https:\/\/www.axerto.it\/wp-content\/uploads\/2024\/10\/Original_vs_Fake_Product_Comparison-150x150.webp 150w, https:\/\/www.axerto.it\/wp-content\/uploads\/2024\/10\/Original_vs_Fake_Product_Comparison-768x768.webp 768w, https:\/\/www.axerto.it\/wp-content\/uploads\/2024\/10\/Original_vs_Fake_Product_Comparison-12x12.webp 12w, https:\/\/www.axerto.it\/wp-content\/uploads\/2024\/10\/Original_vs_Fake_Product_Comparison-400x400.webp 400w, https:\/\/www.axerto.it\/wp-content\/uploads\/2024\/10\/Original_vs_Fake_Product_Comparison-600x600.webp 600w, https:\/\/www.axerto.it\/wp-content\/uploads\/2024\/10\/Original_vs_Fake_Product_Comparison-100x100.webp 100w\" sizes=\"(max-width: 1024px) 100vw, 1024px\" style=\"width:100%;height:100%;max-width:1024px\" \/>\t\t\t\t\t\t\t\t\t\t\t\t\t<\/div>\n\t\t\t\t<\/div>\n\t\t\t\t<\/div>\n\t\t\t\t\t<\/div>\n\t\t\t\t<\/div>\n\t\t<div class=\"elementor-element elementor-element-e2d41b6 e-flex e-con-boxed e-con e-parent\" data-id=\"e2d41b6\" data-element_type=\"container\">\n\t\t\t\t\t<div class=\"e-con-inner\">\n\t\t<div class=\"elementor-element elementor-element-1d354c2 e-con-full e-flex e-con e-child\" data-id=\"1d354c2\" data-element_type=\"container\">\n\t\t\t\t<div class=\"elementor-element elementor-element-e441c3d elementor-widget elementor-widget-image\" data-id=\"e441c3d\" data-element_type=\"widget\" data-widget_type=\"image.default\">\n\t\t\t\t<div class=\"elementor-widget-container\">\n\t\t\t\t\t\t\t\t\t\t\t\t\t<img decoding=\"async\" width=\"1024\" height=\"1024\" src=\"https:\/\/www.axerto.it\/wp-content\/uploads\/2024\/10\/nfc_interaction_image.png\" class=\"attachment-large size-large wp-image-16204 img-fluid\" alt=\"\" srcset=\"https:\/\/www.axerto.it\/wp-content\/uploads\/2024\/10\/nfc_interaction_image.png 1024w, https:\/\/www.axerto.it\/wp-content\/uploads\/2024\/10\/nfc_interaction_image-300x300.png 300w, https:\/\/www.axerto.it\/wp-content\/uploads\/2024\/10\/nfc_interaction_image-150x150.png 150w, https:\/\/www.axerto.it\/wp-content\/uploads\/2024\/10\/nfc_interaction_image-768x768.png 768w, https:\/\/www.axerto.it\/wp-content\/uploads\/2024\/10\/nfc_interaction_image-400x400.png 400w, https:\/\/www.axerto.it\/wp-content\/uploads\/2024\/10\/nfc_interaction_image-600x600.png 600w, https:\/\/www.axerto.it\/wp-content\/uploads\/2024\/10\/nfc_interaction_image-100x100.png 100w\" sizes=\"(max-width: 1024px) 100vw, 1024px\" style=\"width:100%;height:100%;max-width:1024px\" \/>\t\t\t\t\t\t\t\t\t\t\t\t\t<\/div>\n\t\t\t\t<\/div>\n\t\t\t\t<\/div>\n\t\t<div class=\"elementor-element elementor-element-bd595e8 e-con-full e-flex e-con e-child\" data-id=\"bd595e8\" data-element_type=\"container\">\n\t\t\t\t<div class=\"elementor-element elementor-element-a4462c7 elementor-widget elementor-widget-text-editor\" data-id=\"a4462c7\" data-element_type=\"widget\" data-widget_type=\"text-editor.default\">\n\t\t\t\t<div class=\"elementor-widget-container\">\n\t\t\t\t\t\t\t<p style=\"text-align: justify;\" class=\" translation-block\">The heart of Axerto is a <strong>latest generation<\/strong> NFC tag capable of:<\/p><ul><li class=\" translation-block\"><strong>Encrypt<\/strong> communications to and from the production environment<\/li><li class=\" translation-block\"><strong>Generate<\/strong> a different web address for each reading<\/li><li class=\" translation-block\">Use <strong>strong<\/strong> encryption: AES-128 with 16bit keys<\/li><li>Ensure high reading sensitivity<\/li><li>Be compatible with all NFC smartphones<\/li><\/ul>\t\t\t\t\t\t<\/div>\n\t\t\t\t<\/div>\n\t\t\t\t<\/div>\n\t\t<div class=\"elementor-element elementor-element-9f83d47 e-con-full e-flex e-con e-child\" data-id=\"9f83d47\" data-element_type=\"container\">\n\t\t\t\t<div class=\"elementor-element elementor-element-c92ae00 elementor-widget elementor-widget-image\" data-id=\"c92ae00\" data-element_type=\"widget\" data-widget_type=\"image.default\">\n\t\t\t\t<div class=\"elementor-widget-container\">\n\t\t\t\t\t\t\t\t\t\t\t\t\t<img decoding=\"async\" width=\"500\" height=\"500\" src=\"https:\/\/www.axerto.it\/wp-content\/uploads\/2024\/10\/axerto_tag_web.png\" class=\"attachment-large size-large wp-image-16205 img-fluid\" alt=\"\" srcset=\"https:\/\/www.axerto.it\/wp-content\/uploads\/2024\/10\/axerto_tag_web.png 500w, https:\/\/www.axerto.it\/wp-content\/uploads\/2024\/10\/axerto_tag_web-300x300.png 300w, https:\/\/www.axerto.it\/wp-content\/uploads\/2024\/10\/axerto_tag_web-150x150.png 150w, https:\/\/www.axerto.it\/wp-content\/uploads\/2024\/10\/axerto_tag_web-400x400.png 400w, https:\/\/www.axerto.it\/wp-content\/uploads\/2024\/10\/axerto_tag_web-100x100.png 100w\" sizes=\"(max-width: 500px) 100vw, 500px\" style=\"width:100%;height:100%;max-width:500px\" \/>\t\t\t\t\t\t\t\t\t\t\t\t\t<\/div>\n\t\t\t\t<\/div>\n\t\t\t\t<\/div>\n\t\t\t\t\t<\/div>\n\t\t\t\t<\/div>\n\t\t\t\t<\/div>","protected":false},"excerpt":{"rendered":"<p>ASSERTIVE DATA CARRIER Come e perch\u00e9 un tag NFC assertivo &#8220;Una soluzione autorevole per la certificazione di originalit\u00e0 di prodotti, documenti e certificati&#8221; Axerto non \u00e8 solo questo, ma \u00e8 anche: Pronta all&#8217;uso per tutte le realt\u00e0 produttive, del commercio e dei servizi indipendentemente dalla dimensione aziendale Economicamente sostenibile Intrinsecamente univoca e non clonabile Tecnologicamente&hellip;<\/p>","protected":false},"author":1,"featured_media":0,"parent":0,"menu_order":0,"comment_status":"closed","ping_status":"closed","template":"templates\/full-width.php","meta":{"footnotes":""},"class_list":["post-16039","page","type-page","status-publish","hentry","entry"],"_links":{"self":[{"href":"https:\/\/www.axerto.it\/en\/wp-json\/wp\/v2\/pages\/16039"}],"collection":[{"href":"https:\/\/www.axerto.it\/en\/wp-json\/wp\/v2\/pages"}],"about":[{"href":"https:\/\/www.axerto.it\/en\/wp-json\/wp\/v2\/types\/page"}],"author":[{"embeddable":true,"href":"https:\/\/www.axerto.it\/en\/wp-json\/wp\/v2\/users\/1"}],"replies":[{"embeddable":true,"href":"https:\/\/www.axerto.it\/en\/wp-json\/wp\/v2\/comments?post=16039"}],"version-history":[{"count":101,"href":"https:\/\/www.axerto.it\/en\/wp-json\/wp\/v2\/pages\/16039\/revisions"}],"predecessor-version":[{"id":16604,"href":"https:\/\/www.axerto.it\/en\/wp-json\/wp\/v2\/pages\/16039\/revisions\/16604"}],"wp:attachment":[{"href":"https:\/\/www.axerto.it\/en\/wp-json\/wp\/v2\/media?parent=16039"}],"curies":[{"name":"wp","href":"https:\/\/api.w.org\/{rel}","templated":true}]}}